{"id":27073,"date":"2020-11-25T13:40:42","date_gmt":"2020-11-25T13:40:42","guid":{"rendered":"http:\/\/www.bladeproduction.com\/?page_id=27073"},"modified":"2025-10-16T12:42:23","modified_gmt":"2025-10-16T12:42:23","slug":"the-vultures","status":"publish","type":"page","link":"https:\/\/www.bladeproduction.com\/sl\/the-vultures\/","title":{"rendered":"Ujede"},"content":{"rendered":"<div id=\"pl-27073\"  class=\"panel-layout\" ><div id=\"pg-27073-0\"  class=\"panel-grid panel-no-style\" ><div id=\"pgc-27073-0-0\"  class=\"panel-grid-cell\" ><div id=\"panel-27073-0-0-0\" class=\"so-panel widget widget_sow-editor panel-first-child panel-last-child\" data-index=\"0\" ><div\n\t\t\t\n\t\t\tclass=\"so-widget-sow-editor so-widget-sow-editor-base\"\n\t\t\t\n\t\t>\n<div class=\"siteorigin-widget-tinymce textwidget\">\n\t<p>Celove\u010derni igrani film v razvoju<br \/>\n2023<br \/>\n<div class=\"su-divider su-divider-style-default\" style=\"margin:0px 0;border-width:1px;border-color:#aaaaaa\"><\/div><\/p>\n<\/div>\n<\/div><\/div><\/div><\/div><div id=\"pg-27073-1\"  class=\"panel-grid panel-no-style\" ><div id=\"pgc-27073-1-0\"  class=\"panel-grid-cell\" ><div id=\"panel-27073-1-0-0\" class=\"so-panel widget widget_sow-editor panel-first-child panel-last-child\" data-index=\"1\" ><div\n\t\t\t\n\t\t\tclass=\"so-widget-sow-editor so-widget-sow-editor-base\"\n\t\t\t\n\t\t>\n<div class=\"siteorigin-widget-tinymce textwidget\">\n\t<h3>SINOPSIS<\/h3>\n<p>Sredi zime, v izolirani planinski ko\u010di, sedem elitnih, a disfunkcionalnih odvetnikov odkrije, da tokrat njihovo team-building sre\u010danje ni nagrada, temve\u010d kaznovanje. Nekdo je ukradel 650.000 \u20ac lastniku njihove odvetni\u0161ke pisarne. \u010ce se \u017eelijo vrniti nazaj v mesto, morajo igrati timsko igro in najti krivca. Zaradi igre so vsi mobilni telefoni zase\u017eeni. Dostopa do interneta prav tako ni.<\/p>\n<p>Za\u010dne se vrsta katastrofalnih dogodkov: skrbnik ko\u010de je smrtno ranjen, sne\u017eni vihar zapre cesto, njihovih telefonov pa ni nikjer. Ko sne\u017eni vihar mine, se sebi\u010dni odvetniki zavedo, da so postali odvisni od edinega drugega \u010dloveka v okolici - skrivnostnega tujca. Po\u010dasi za\u010dne razpadati hierarhija mo\u010di in statusa. Toda kdo je tat? \u010caka nas \u0161okantno in ganljivo presene\u010denje.<\/p>\n<\/div>\n<\/div><\/div><\/div><div id=\"pgc-27073-1-1\"  class=\"panel-grid-cell\" ><div id=\"panel-27073-1-1-0\" class=\"so-panel widget widget_sow-editor panel-first-child panel-last-child\" data-index=\"2\" ><div\n\t\t\t\n\t\t\tclass=\"so-widget-sow-editor so-widget-sow-editor-base\"\n\t\t\t\n\t\t>\n<div class=\"siteorigin-widget-tinymce textwidget\">\n\t<p><strong>V razvoju<br \/>\n<\/strong>Razvoj v okviru European Genre Forum in Balkan Film Market<\/p>\n<p><img loading=\"lazy\" decoding=\"async\" class=\"alignnone wp-image-27974\" src=\"http:\/\/www.bladeproduction.com\/wp-content\/uploads\/2025\/10\/Balkan-film-market-300x100.png\" alt=\"\" width=\"150\" height=\"50\" srcset=\"https:\/\/www.bladeproduction.com\/wp-content\/uploads\/2025\/10\/Balkan-film-market-300x100.png 300w, https:\/\/www.bladeproduction.com\/wp-content\/uploads\/2025\/10\/Balkan-film-market-18x6.png 18w, https:\/\/www.bladeproduction.com\/wp-content\/uploads\/2025\/10\/Balkan-film-market-500x167.png 500w, https:\/\/www.bladeproduction.com\/wp-content\/uploads\/2025\/10\/Balkan-film-market.png 570w\" sizes=\"(max-width: 150px) 100vw, 150px\" \/>\u00a0 \u00a0<img loading=\"lazy\" decoding=\"async\" class=\"alignnone wp-image-27975\" src=\"http:\/\/www.bladeproduction.com\/wp-content\/uploads\/2025\/10\/Europeam-genre-forum-e1760618337864.png\" alt=\"\" width=\"99\" height=\"70\" \/><\/p>\n<p><strong>Scenarij: <\/strong>Zoran Ben\u010di\u010d, Simon Hernaus, Vida Bre\u017ee<br \/>\n<strong>Re\u017eija:\u00a0\u00a0<\/strong><strong>Vida Bre\u017ee<\/strong><br \/>\n<strong>Producent:\u00a0<\/strong>Zoran D\u017eeverdanovi\u0107<br \/>\n<strong>Produkcija<\/strong>: Blade produkcija<\/p>\n<\/div>\n<\/div><\/div><\/div><\/div><div id=\"pg-27073-2\"  class=\"panel-grid panel-no-style\" ><div id=\"pgc-27073-2-0\"  class=\"panel-grid-cell\" ><div id=\"panel-27073-2-0-0\" class=\"so-panel widget widget_sow-slider panel-first-child panel-last-child\" data-index=\"3\" ><div\n\t\t\t\n\t\t\tclass=\"so-widget-sow-slider so-widget-sow-slider-default-6d39609536fd-27073\"\n\t\t\t\n\t\t>\t\t\t\t<div class=\"sow-slider-base\" style=\"display: none\" tabindex=\"0\">\n\t\t\t\t\t<ul\n\t\t\t\t\tclass=\"sow-slider-images\"\n\t\t\t\t\tdata-settings=\"{&quot;pagination&quot;:true,&quot;speed&quot;:800,&quot;timeout&quot;:8000,&quot;paused&quot;:false,&quot;pause_on_hover&quot;:false,&quot;swipe&quot;:true,&quot;nav_always_show_desktop&quot;:&quot;&quot;,&quot;nav_always_show_mobile&quot;:&quot;&quot;,&quot;breakpoint&quot;:&quot;780px&quot;,&quot;unmute&quot;:false,&quot;anchor&quot;:null}\"\n\t\t\t\t\t\t\t\t\t\tdata-anchor-id=\"\"\n\t\t\t\t>\t\t<li class=\"sow-slider-image\" style=\"visibility: visible;\" >\n\t\t\t\t\t\t<img loading=\"lazy\" decoding=\"async\" width=\"1000\" height=\"562\" src=\"https:\/\/www.bladeproduction.com\/wp-content\/uploads\/2020\/11\/vultures_1000x562.png\" class=\"sow-slider-background-image\" alt=\"\" style=\"\" srcset=\"https:\/\/www.bladeproduction.com\/wp-content\/uploads\/2020\/11\/vultures_1000x562.png 1000w, https:\/\/www.bladeproduction.com\/wp-content\/uploads\/2020\/11\/vultures_1000x562-300x169.png 300w, https:\/\/www.bladeproduction.com\/wp-content\/uploads\/2020\/11\/vultures_1000x562-768x432.png 768w\" sizes=\"(max-width: 1000px) 100vw, 1000px\" \/>\t\t<\/li>\n\t\t<\/ul>\t\t\t\t<ol class=\"sow-slider-pagination\">\n\t\t\t\t\t\t\t\t\t\t\t<li><a href=\"#\" data-goto=\"0\" aria-label=\"display slide 1\"><\/a><\/li>\n\t\t\t\t\t\t\t\t\t<\/ol>\n\n\t\t\t\t<div class=\"sow-slide-nav sow-slide-nav-next\">\n\t\t\t\t\t<a href=\"#\" data-goto=\"next\" aria-label=\"next slide\" data-action=\"next\">\n\t\t\t\t\t\t<em class=\"sow-sld-icon-thin-right\"><\/em>\n\t\t\t\t\t<\/a>\n\t\t\t\t<\/div>\n\n\t\t\t\t<div class=\"sow-slide-nav sow-slide-nav-prev\">\n\t\t\t\t\t<a href=\"#\" data-goto=\"previous\" aria-label=\"previous slide\" data-action=\"prev\">\n\t\t\t\t\t\t<em class=\"sow-sld-icon-thin-left\"><\/em>\n\t\t\t\t\t<\/a>\n\t\t\t\t<\/div>\n\t\t\t\t<\/div><\/div><\/div><\/div><\/div><\/div>","protected":false},"excerpt":{"rendered":"<p>Feature length film in development 2023 SYNOPSIS At the height of winter in an isolated mountain cabin, seven elite yet dysfunctional lawyers discover that this time their team-building is not a reward, but a punishment for their misbehavior. Someone stole 650.000\u20ac from the owner of their law firm. If they want to return back to [&hellip;]<\/p>","protected":false},"author":2,"featured_media":0,"parent":0,"menu_order":0,"comment_status":"closed","ping_status":"closed","template":"","meta":{"inline_featured_image":false,"footnotes":""},"_links":{"self":[{"href":"https:\/\/www.bladeproduction.com\/sl\/wp-json\/wp\/v2\/pages\/27073"}],"collection":[{"href":"https:\/\/www.bladeproduction.com\/sl\/wp-json\/wp\/v2\/pages"}],"about":[{"href":"https:\/\/www.bladeproduction.com\/sl\/wp-json\/wp\/v2\/types\/page"}],"author":[{"embeddable":true,"href":"https:\/\/www.bladeproduction.com\/sl\/wp-json\/wp\/v2\/users\/2"}],"replies":[{"embeddable":true,"href":"https:\/\/www.bladeproduction.com\/sl\/wp-json\/wp\/v2\/comments?post=27073"}],"version-history":[{"count":30,"href":"https:\/\/www.bladeproduction.com\/sl\/wp-json\/wp\/v2\/pages\/27073\/revisions"}],"predecessor-version":[{"id":27977,"href":"https:\/\/www.bladeproduction.com\/sl\/wp-json\/wp\/v2\/pages\/27073\/revisions\/27977"}],"wp:attachment":[{"href":"https:\/\/www.bladeproduction.com\/sl\/wp-json\/wp\/v2\/media?parent=27073"}],"curies":[{"name":"wp","href":"https:\/\/api.w.org\/{rel}","templated":true}]}}