{"id":26864,"date":"2019-05-02T09:59:05","date_gmt":"2019-05-02T09:59:05","guid":{"rendered":"http:\/\/www.bladeproduction.com\/?page_id=26864"},"modified":"2023-10-19T07:28:33","modified_gmt":"2023-10-19T07:28:33","slug":"arcadia-lightwear","status":"publish","type":"page","link":"https:\/\/www.bladeproduction.com\/sl\/arcadia-lightwear\/","title":{"rendered":"Arcadia osvetljevalska oprema"},"content":{"rendered":"<div id=\"pl-26864\"  class=\"panel-layout\" ><div id=\"pg-26864-0\"  class=\"panel-grid panel-no-style\" ><div id=\"pgc-26864-0-0\"  class=\"panel-grid-cell\" ><div id=\"panel-26864-0-0-0\" class=\"so-panel widget widget_sow-editor panel-first-child panel-last-child\" data-index=\"0\" ><div\n\t\t\t\n\t\t\tclass=\"so-widget-sow-editor so-widget-sow-editor-base\"\n\t\t\t\n\t\t>\n<div class=\"siteorigin-widget-tinymce textwidget\">\n\t<p>Oglas<\/p>\n<p>2019<\/p>\n<div class=\"su-divider su-divider-style-default\" style=\"margin:0px 0;border-width:1px;border-color:#aaaaaa\"><\/div>\n<\/div>\n<\/div><\/div><\/div><\/div><div id=\"pg-26864-1\"  class=\"panel-grid panel-no-style\" ><div id=\"pgc-26864-1-0\"  class=\"panel-grid-cell\" ><div id=\"panel-26864-1-0-0\" class=\"so-panel widget widget_sow-editor panel-first-child panel-last-child\" data-index=\"1\" ><div\n\t\t\t\n\t\t\tclass=\"so-widget-sow-editor so-widget-sow-editor-base\"\n\t\t\t\n\t\t>\n<div class=\"siteorigin-widget-tinymce textwidget\">\n\t<p><strong>Komercialni umetni\u0161ki video za Arcadia svetila<\/strong><br \/>\n<strong>Re\u017eija:<\/strong> Ana Gruden<br \/>\n<strong>Direktor fotografije:<\/strong> Sabina \u0110ogi\u0107<br \/>\n<strong>Skladatelj:<\/strong> Damir Avdi\u0107<br \/>\n<strong>Monta\u017ea:<\/strong> Peter Braatz<br \/>\n<strong>Plesalka:<\/strong> Nuit Vale<\/p>\n<\/div>\n<\/div><\/div><\/div><div id=\"pgc-26864-1-1\"  class=\"panel-grid-cell\" ><div id=\"panel-26864-1-1-0\" class=\"so-panel widget widget_sow-editor panel-first-child panel-last-child\" data-index=\"2\" ><div\n\t\t\t\n\t\t\tclass=\"so-widget-sow-editor so-widget-sow-editor-base\"\n\t\t\t\n\t\t>\n<div class=\"siteorigin-widget-tinymce textwidget\">\n\t<p><a href=\"http:\/\/www.arcadialightwear.com\"><img loading=\"lazy\" decoding=\"async\" class=\"alignnone size-medium wp-image-26875\" src=\"http:\/\/www.bladeproduction.com\/wp-content\/uploads\/2019\/05\/arcadia_logo1-300x300.jpg\" alt=\"\" width=\"300\" height=\"300\" srcset=\"https:\/\/www.bladeproduction.com\/wp-content\/uploads\/2019\/05\/arcadia_logo1-300x300.jpg 300w, https:\/\/www.bladeproduction.com\/wp-content\/uploads\/2019\/05\/arcadia_logo1-150x150.jpg 150w, https:\/\/www.bladeproduction.com\/wp-content\/uploads\/2019\/05\/arcadia_logo1.jpg 400w\" sizes=\"(max-width: 300px) 100vw, 300px\" \/><\/a><\/p>\n<h3><a href=\"http:\/\/www.arcadialightwear.com\">www.arcadialightwear.com<\/a><\/h3>\n<\/div>\n<\/div><\/div><\/div><\/div><div id=\"pg-26864-2\"  class=\"panel-grid panel-no-style\" ><div id=\"pgc-26864-2-0\"  class=\"panel-grid-cell\" ><div id=\"panel-26864-2-0-0\" class=\"so-panel widget widget_sow-slider panel-first-child panel-last-child\" data-index=\"3\" ><div\n\t\t\t\n\t\t\tclass=\"so-widget-sow-slider so-widget-sow-slider-default-6d39609536fd-26864\"\n\t\t\t\n\t\t>\t\t\t\t<div class=\"sow-slider-base\" style=\"display: none\" tabindex=\"0\">\n\t\t\t\t\t<ul\n\t\t\t\t\tclass=\"sow-slider-images\"\n\t\t\t\t\tdata-settings=\"{&quot;pagination&quot;:true,&quot;speed&quot;:800,&quot;timeout&quot;:8000,&quot;paused&quot;:false,&quot;pause_on_hover&quot;:false,&quot;swipe&quot;:true,&quot;nav_always_show_desktop&quot;:&quot;&quot;,&quot;nav_always_show_mobile&quot;:&quot;&quot;,&quot;breakpoint&quot;:&quot;780px&quot;,&quot;unmute&quot;:false,&quot;anchor&quot;:null}\"\n\t\t\t\t\t\t\t\t\t\tdata-anchor-id=\"\"\n\t\t\t\t>\t\t<li class=\"sow-slider-image\" style=\"visibility: visible;\" >\n\t\t\t\t\t\t<img loading=\"lazy\" decoding=\"async\" width=\"1000\" height=\"750\" src=\"https:\/\/www.bladeproduction.com\/wp-content\/uploads\/2019\/05\/arcadia01.jpg\" class=\"sow-slider-background-image\" alt=\"\" style=\"\" srcset=\"https:\/\/www.bladeproduction.com\/wp-content\/uploads\/2019\/05\/arcadia01.jpg 1000w, https:\/\/www.bladeproduction.com\/wp-content\/uploads\/2019\/05\/arcadia01-300x225.jpg 300w, https:\/\/www.bladeproduction.com\/wp-content\/uploads\/2019\/05\/arcadia01-768x576.jpg 768w\" sizes=\"(max-width: 1000px) 100vw, 1000px\" \/>\t\t<\/li>\n\t\t\t\t<li class=\"sow-slider-image\" style=\"visibility: hidden;\" >\n\t\t\t\t\t\t<img loading=\"lazy\" decoding=\"async\" width=\"1000\" height=\"750\" src=\"https:\/\/www.bladeproduction.com\/wp-content\/uploads\/2019\/05\/arcadia02.jpg\" class=\"sow-slider-background-image\" alt=\"\" style=\"\" srcset=\"https:\/\/www.bladeproduction.com\/wp-content\/uploads\/2019\/05\/arcadia02.jpg 1000w, https:\/\/www.bladeproduction.com\/wp-content\/uploads\/2019\/05\/arcadia02-300x225.jpg 300w, https:\/\/www.bladeproduction.com\/wp-content\/uploads\/2019\/05\/arcadia02-768x576.jpg 768w\" sizes=\"(max-width: 1000px) 100vw, 1000px\" \/>\t\t<\/li>\n\t\t<\/ul>\t\t\t\t<ol class=\"sow-slider-pagination\">\n\t\t\t\t\t\t\t\t\t\t\t<li><a href=\"#\" data-goto=\"0\" aria-label=\"display slide 1\"><\/a><\/li>\n\t\t\t\t\t\t\t\t\t\t\t<li><a href=\"#\" data-goto=\"1\" aria-label=\"display slide 2\"><\/a><\/li>\n\t\t\t\t\t\t\t\t\t<\/ol>\n\n\t\t\t\t<div class=\"sow-slide-nav sow-slide-nav-next\">\n\t\t\t\t\t<a href=\"#\" data-goto=\"next\" aria-label=\"next slide\" data-action=\"next\">\n\t\t\t\t\t\t<em class=\"sow-sld-icon-thin-right\"><\/em>\n\t\t\t\t\t<\/a>\n\t\t\t\t<\/div>\n\n\t\t\t\t<div class=\"sow-slide-nav sow-slide-nav-prev\">\n\t\t\t\t\t<a href=\"#\" data-goto=\"previous\" aria-label=\"previous slide\" data-action=\"prev\">\n\t\t\t\t\t\t<em class=\"sow-sld-icon-thin-left\"><\/em>\n\t\t\t\t\t<\/a>\n\t\t\t\t<\/div>\n\t\t\t\t<\/div><\/div><\/div><\/div><\/div><\/div>","protected":false},"excerpt":{"rendered":"<p>Commercial 2019 Commercial Art Video for Arcadia Lightwear Director: Ana Gruden Director of photography: Sabina \u0110ogi\u0107 Composer: Damir Avdi\u0107 Montage: Peter Braatz Dancer: Nuit Vale www.arcadialightwear.com<\/p>","protected":false},"author":1,"featured_media":0,"parent":0,"menu_order":0,"comment_status":"closed","ping_status":"closed","template":"","meta":{"inline_featured_image":false,"footnotes":""},"_links":{"self":[{"href":"https:\/\/www.bladeproduction.com\/sl\/wp-json\/wp\/v2\/pages\/26864"}],"collection":[{"href":"https:\/\/www.bladeproduction.com\/sl\/wp-json\/wp\/v2\/pages"}],"about":[{"href":"https:\/\/www.bladeproduction.com\/sl\/wp-json\/wp\/v2\/types\/page"}],"author":[{"embeddable":true,"href":"https:\/\/www.bladeproduction.com\/sl\/wp-json\/wp\/v2\/users\/1"}],"replies":[{"embeddable":true,"href":"https:\/\/www.bladeproduction.com\/sl\/wp-json\/wp\/v2\/comments?post=26864"}],"version-history":[{"count":31,"href":"https:\/\/www.bladeproduction.com\/sl\/wp-json\/wp\/v2\/pages\/26864\/revisions"}],"predecessor-version":[{"id":27794,"href":"https:\/\/www.bladeproduction.com\/sl\/wp-json\/wp\/v2\/pages\/26864\/revisions\/27794"}],"wp:attachment":[{"href":"https:\/\/www.bladeproduction.com\/sl\/wp-json\/wp\/v2\/media?parent=26864"}],"curies":[{"name":"wp","href":"https:\/\/api.w.org\/{rel}","templated":true}]}}