{"id":26732,"date":"2018-05-17T04:57:34","date_gmt":"2018-05-17T04:57:34","guid":{"rendered":"http:\/\/www.bladeproduction.com\/?page_id=26732"},"modified":"2021-09-17T08:47:04","modified_gmt":"2021-09-17T08:47:04","slug":"all-against-all","status":"publish","type":"page","link":"https:\/\/www.bladeproduction.com\/sl\/all-against-all\/","title":{"rendered":"Vsi proti vsem"},"content":{"rendered":"<div id=\"pl-26732\"  class=\"panel-layout\" ><div id=\"pg-26732-0\"  class=\"panel-grid panel-no-style\" ><div id=\"pgc-26732-0-0\"  class=\"panel-grid-cell\" ><div id=\"panel-26732-0-0-0\" class=\"so-panel widget widget_sow-editor panel-first-child panel-last-child\" data-index=\"0\" ><div\n\t\t\t\n\t\t\tclass=\"so-widget-sow-editor so-widget-sow-editor-base\"\n\t\t\t\n\t\t>\n<div class=\"siteorigin-widget-tinymce textwidget\">\n\t<p>Celove\u010derni film<\/p>\n<p>2019, 100 min<\/p>\n<div class=\"su-divider su-divider-style-default\" style=\"margin:0px 0;border-width:1px;border-color:#aaaaaa\"><\/div>\n<\/div>\n<\/div><\/div><\/div><\/div><div id=\"pg-26732-1\"  class=\"panel-grid panel-no-style\" ><div id=\"pgc-26732-1-0\"  class=\"panel-grid-cell\" ><div id=\"panel-26732-1-0-0\" class=\"so-panel widget widget_sow-image panel-first-child panel-last-child\" data-index=\"1\" ><div\n\t\t\t\n\t\t\tclass=\"so-widget-sow-image so-widget-sow-image-default-8b5b6f678277-26732\"\n\t\t\t\n\t\t>\n\n<div class=\"sow-image-container\">\n\t\t<img loading=\"lazy\" decoding=\"async\" src=\"https:\/\/www.bladeproduction.com\/wp-content\/uploads\/2021\/05\/plakat_AAA.jpg\" width=\"600\" height=\"847\" srcset=\"https:\/\/www.bladeproduction.com\/wp-content\/uploads\/2021\/05\/plakat_AAA.jpg 600w, https:\/\/www.bladeproduction.com\/wp-content\/uploads\/2021\/05\/plakat_AAA-213x300.jpg 213w\" sizes=\"(max-width: 600px) 100vw, 600px\" alt=\"\" \t\tclass=\"so-widget-image\"\/>\n\t<\/div>\n\n<\/div><\/div><\/div><div id=\"pgc-26732-1-1\"  class=\"panel-grid-cell\" ><div id=\"panel-26732-1-1-0\" class=\"so-panel widget widget_sow-editor panel-first-child\" data-index=\"2\" ><div\n\t\t\t\n\t\t\tclass=\"so-widget-sow-editor so-widget-sow-editor-base\"\n\t\t\t\n\t\t>\n<div class=\"siteorigin-widget-tinymce textwidget\">\n\t<h3>SINOPSIS<\/h3>\n<p>Pokvarjeni \u017eupan idili\u010dnega slovenskega mesta Rovte se pove\u017ee z lokalnim kriminalcem, da bi odstranil svojega nasprotnika v prihajajo\u010dih volitvah. Zgodba o izgubi morale, kjer so edini, ki \u0161e imajo moralni kodeks, kriminalci...<\/p>\n<p><strong><a href=\"https:\/\/www.facebook.com\/vsiprotivsemfilm\/\">Facebook<\/a><\/strong><\/p>\n<p><strong><a href=\"https:\/\/www.imdb.com\/title\/tt10602144\/\">IMDB<\/a><\/strong><\/p>\n<\/div>\n<\/div><\/div><div id=\"panel-26732-1-1-1\" class=\"so-panel widget widget_sow-editor panel-last-child\" data-index=\"3\" ><div\n\t\t\t\n\t\t\tclass=\"so-widget-sow-editor so-widget-sow-editor-base\"\n\t\t\t\n\t\t>\n<div class=\"siteorigin-widget-tinymce textwidget\">\n\t<h3>EKIPA<\/h3>\n<p><strong>Scenarij in re\u017eija:<\/strong> Andrej Ko\u0161ak<br \/>\n<strong>Kamera:<\/strong> Jason Mann<br \/>\n<strong>Scenografija:<\/strong> Sanja Vati\u0107<br \/>\n<strong>Oblikovalec zvoka:<\/strong> Borut Berden<br \/>\n<strong>Kostumograf:<\/strong> Ines Atman, Suzana Tkal\u010dec<br \/>\n<strong>Oblikovalec maske:<\/strong> Lija Ivan\u010di\u010d<br \/>\n<strong>Monta\u017ea:<\/strong> Martin Ivanov<br \/>\n<strong>Glasba:<\/strong> Kristian Sensini<br \/>\n<strong>Produkcija:<\/strong> Blade Produkcija<br \/>\n<strong>Producent:<\/strong> Zoran D\u017eeverdanovi\u0107<br \/>\n<strong>Koprodukcija:<\/strong> RTV Slovenia, Mind Production (North Macedonia), Motion ( Croatia ), Studio Ritem, Daiga<\/p>\n<p><strong>Igralska zasedba<\/strong><br \/>\nVlado Novak<br \/>\nSilva \u010cu\u0161in<br \/>\nIva Krajnc Bagola<br \/>\nPeter Musevski<br \/>\nAleksandra Balmazovi\u0107<br \/>\nBlagoje Veselinov<br \/>\nRok Vihar<\/p>\n<p><strong>S finan\u010dno podporo:<\/strong> Slovenski filmski center, Agencija za film Severna Makedonija in Hrva\u0161ki avdiovizualni center<br \/>\n<strong>Distributer za Slovenijo:<\/strong> Fivia d.o.o.<br \/>\n<strong>Distributer:<\/strong> Pillango productions KFT<\/p>\n<\/div>\n<\/div><\/div><\/div><\/div><div id=\"pg-26732-2\"  class=\"panel-grid panel-no-style\" ><div id=\"pgc-26732-2-0\"  class=\"panel-grid-cell\" ><div id=\"panel-26732-2-0-0\" class=\"so-panel widget widget_sow-slider panel-first-child panel-last-child\" data-index=\"4\" ><div\n\t\t\t\n\t\t\tclass=\"so-widget-sow-slider so-widget-sow-slider-default-6d39609536fd-26732\"\n\t\t\t\n\t\t>\t\t\t\t<div class=\"sow-slider-base\" style=\"display: none\" tabindex=\"0\">\n\t\t\t\t\t<ul\n\t\t\t\t\tclass=\"sow-slider-images\"\n\t\t\t\t\tdata-settings=\"{&quot;pagination&quot;:true,&quot;speed&quot;:800,&quot;timeout&quot;:8000,&quot;paused&quot;:false,&quot;pause_on_hover&quot;:false,&quot;swipe&quot;:true,&quot;nav_always_show_desktop&quot;:&quot;&quot;,&quot;nav_always_show_mobile&quot;:&quot;&quot;,&quot;breakpoint&quot;:&quot;780px&quot;,&quot;unmute&quot;:false,&quot;anchor&quot;:null}\"\n\t\t\t\t\t\t\t\t\t\tdata-anchor-id=\"\"\n\t\t\t\t>\t\t<li class=\"sow-slider-image\" style=\"visibility: visible;\" >\n\t\t\t\t\t\t<img loading=\"lazy\" decoding=\"async\" width=\"1000\" height=\"666\" src=\"Slovenski filmski center, Agencija za film Severna Makedonija in Hrva\u0161ki avdiovizualni center\" class=\"sow-slider-background-image\" alt=\"\" style=\"\" srcset=\"\" sizes=\"(max-width: 1000px) 100vw, 1000px\" data-srcset=\"\" \/>\t\t<\/li>\n\t\t\t\t<li class=\"sow-slider-image\" style=\"visibility: hidden;\" >\n\t\t\t\t\t\t<img loading=\"lazy\" decoding=\"async\" width=\"1000\" height=\"666\" src=\"https:\/\/www.bladeproduction.com\/wp-content\/uploads\/2018\/09\/allagainstall6.jpg\" class=\"sow-slider-background-image\" alt=\"\" style=\"\" srcset=\"https:\/\/www.bladeproduction.com\/wp-content\/uploads\/2018\/09\/allagainstall6.jpg 1000w, https:\/\/www.bladeproduction.com\/wp-content\/uploads\/2018\/09\/allagainstall6-300x200.jpg 300w, https:\/\/www.bladeproduction.com\/wp-content\/uploads\/2018\/09\/allagainstall6-768x511.jpg 768w, https:\/\/www.bladeproduction.com\/wp-content\/uploads\/2018\/09\/allagainstall6-272x182.jpg 272w\" sizes=\"(max-width: 1000px) 100vw, 1000px\" \/>\t\t<\/li>\n\t\t\t\t<li class=\"sow-slider-image\" style=\"visibility: hidden;\" >\n\t\t\t\t\t\t<img loading=\"lazy\" decoding=\"async\" width=\"1000\" height=\"394\" src=\"https:\/\/www.bladeproduction.com\/wp-content\/uploads\/2018\/05\/allagainstall1.jpg\" class=\"sow-slider-background-image\" alt=\"\" style=\"\" srcset=\"https:\/\/www.bladeproduction.com\/wp-content\/uploads\/2018\/05\/allagainstall1.jpg 1000w, https:\/\/www.bladeproduction.com\/wp-content\/uploads\/2018\/05\/allagainstall1-300x118.jpg 300w, https:\/\/www.bladeproduction.com\/wp-content\/uploads\/2018\/05\/allagainstall1-768x303.jpg 768w\" sizes=\"(max-width: 1000px) 100vw, 1000px\" \/>\t\t<\/li>\n\t\t\t\t<li class=\"sow-slider-image\" style=\"visibility: hidden;\" >\n\t\t\t\t\t\t<img loading=\"lazy\" decoding=\"async\" width=\"653\" height=\"306\" src=\"https:\/\/www.bladeproduction.com\/wp-content\/uploads\/2019\/05\/allagainstall7.jpg\" class=\"sow-slider-background-image\" alt=\"\" style=\"\" srcset=\"https:\/\/www.bladeproduction.com\/wp-content\/uploads\/2019\/05\/allagainstall7.jpg 653w, https:\/\/www.bladeproduction.com\/wp-content\/uploads\/2019\/05\/allagainstall7-300x141.jpg 300w\" sizes=\"(max-width: 653px) 100vw, 653px\" \/>\t\t<\/li>\n\t\t\t\t<li class=\"sow-slider-image\" style=\"visibility: hidden;\" >\n\t\t\t\t\t\t<img loading=\"lazy\" decoding=\"async\" width=\"1000\" height=\"667\" src=\"https:\/\/www.bladeproduction.com\/wp-content\/uploads\/2018\/09\/allagainstall4.jpg\" class=\"sow-slider-background-image\" alt=\"\" style=\"\" srcset=\"https:\/\/www.bladeproduction.com\/wp-content\/uploads\/2018\/09\/allagainstall4.jpg 1000w, https:\/\/www.bladeproduction.com\/wp-content\/uploads\/2018\/09\/allagainstall4-300x200.jpg 300w, https:\/\/www.bladeproduction.com\/wp-content\/uploads\/2018\/09\/allagainstall4-768x512.jpg 768w, https:\/\/www.bladeproduction.com\/wp-content\/uploads\/2018\/09\/allagainstall4-272x182.jpg 272w\" sizes=\"(max-width: 1000px) 100vw, 1000px\" \/>\t\t<\/li>\n\t\t<\/ul>\t\t\t\t<ol class=\"sow-slider-pagination\">\n\t\t\t\t\t\t\t\t\t\t\t<li><a href=\"#\" data-goto=\"0\" aria-label=\"display slide 1\"><\/a><\/li>\n\t\t\t\t\t\t\t\t\t\t\t<li><a href=\"#\" data-goto=\"1\" aria-label=\"display slide 2\"><\/a><\/li>\n\t\t\t\t\t\t\t\t\t\t\t<li><a href=\"#\" data-goto=\"2\" aria-label=\"display slide 3\"><\/a><\/li>\n\t\t\t\t\t\t\t\t\t\t\t<li><a href=\"#\" data-goto=\"3\" aria-label=\"display slide 4\"><\/a><\/li>\n\t\t\t\t\t\t\t\t\t\t\t<li><a href=\"#\" data-goto=\"4\" aria-label=\"display slide 5\"><\/a><\/li>\n\t\t\t\t\t\t\t\t\t<\/ol>\n\n\t\t\t\t<div class=\"sow-slide-nav sow-slide-nav-next\">\n\t\t\t\t\t<a href=\"#\" data-goto=\"next\" aria-label=\"next slide\" data-action=\"next\">\n\t\t\t\t\t\t<em class=\"sow-sld-icon-thin-right\"><\/em>\n\t\t\t\t\t<\/a>\n\t\t\t\t<\/div>\n\n\t\t\t\t<div class=\"sow-slide-nav sow-slide-nav-prev\">\n\t\t\t\t\t<a href=\"#\" data-goto=\"previous\" aria-label=\"previous slide\" data-action=\"prev\">\n\t\t\t\t\t\t<em class=\"sow-sld-icon-thin-left\"><\/em>\n\t\t\t\t\t<\/a>\n\t\t\t\t<\/div>\n\t\t\t\t<\/div><\/div><\/div><\/div><\/div><div id=\"pg-26732-3\"  class=\"panel-grid panel-no-style\" ><div id=\"pgc-26732-3-0\"  class=\"panel-grid-cell\" ><div id=\"panel-26732-3-0-0\" class=\"so-panel widget widget_sow-editor panel-first-child panel-last-child\" data-index=\"5\" ><div\n\t\t\t\n\t\t\tclass=\"so-widget-sow-editor so-widget-sow-editor-base\"\n\t\t\t\n\t\t>\n<div class=\"siteorigin-widget-tinymce textwidget\">\n\t<h3>NAGRADE<\/h3>\n<\/div>\n<\/div><\/div><\/div><\/div><div id=\"pg-26732-4\"  class=\"panel-grid panel-no-style\" ><div id=\"pgc-26732-4-0\"  class=\"panel-grid-cell\" ><div id=\"panel-26732-4-0-0\" class=\"so-panel widget widget_sow-image panel-first-child panel-last-child\" data-index=\"6\" ><div\n\t\t\t\n\t\t\tclass=\"so-widget-sow-image so-widget-sow-image-default-8b5b6f678277-26732\"\n\t\t\t\n\t\t>\n\n<div class=\"sow-image-container\">\n\t\t<img loading=\"lazy\" decoding=\"async\" src=\"https:\/\/www.bladeproduction.com\/wp-content\/uploads\/2021\/06\/BEST-FILM-JURY.png\" width=\"200\" height=\"126\" sizes=\"(max-width: 200px) 100vw, 200px\" title=\"BEST-FILM&#8211;JURY\" alt=\"\" \t\tclass=\"so-widget-image\"\/>\n\t<\/div>\n\n<\/div><\/div><\/div><div id=\"pgc-26732-4-1\"  class=\"panel-grid-cell\" ><div id=\"panel-26732-4-1-0\" class=\"so-panel widget widget_sow-image panel-first-child panel-last-child\" data-index=\"7\" ><div\n\t\t\t\n\t\t\tclass=\"so-widget-sow-image so-widget-sow-image-default-8b5b6f678277-26732\"\n\t\t\t\n\t\t>\n\n<div class=\"sow-image-container\">\n\t\t<img loading=\"lazy\" decoding=\"async\" src=\"https:\/\/www.bladeproduction.com\/wp-content\/uploads\/2021\/06\/BEST-CINEMATOGRAPHY-8th-Noida-International-Film-Festival-2021-2021.png\" width=\"200\" height=\"133\" sizes=\"(max-width: 200px) 100vw, 200px\" title=\"BEST-CINEMATOGRAPHY&#8212;8th-Noida-International-Film-Festival-2021&#8212;2021\" alt=\"\" \t\tclass=\"so-widget-image\"\/>\n\t<\/div>\n\n<\/div><\/div><\/div><div id=\"pgc-26732-4-2\"  class=\"panel-grid-cell\" ><div id=\"panel-26732-4-2-0\" class=\"so-panel widget widget_sow-image panel-first-child panel-last-child\" data-index=\"8\" ><div\n\t\t\t\n\t\t\tclass=\"so-widget-sow-image so-widget-sow-image-default-8b5b6f678277-26732\"\n\t\t\t\n\t\t>\n\n<div class=\"sow-image-container\">\n\t\t<img loading=\"lazy\" decoding=\"async\" src=\"https:\/\/www.bladeproduction.com\/wp-content\/uploads\/2021\/06\/OFFICIAL-SELECTION-Golden-Bridge-stanbul-Short-Film-Festival-2020.png\" width=\"200\" height=\"133\" sizes=\"(max-width: 200px) 100vw, 200px\" title=\"OFFICIAL-SELECTION&#8212;Golden-Bridge-stanbul-Short-Film-Festival&#8212;2020\" alt=\"\" \t\tclass=\"so-widget-image\"\/>\n\t<\/div>\n\n<\/div><\/div><\/div><div id=\"pgc-26732-4-3\"  class=\"panel-grid-cell\" ><div id=\"panel-26732-4-3-0\" class=\"so-panel widget widget_sow-image panel-first-child panel-last-child\" data-index=\"9\" ><div\n\t\t\t\n\t\t\tclass=\"so-widget-sow-image so-widget-sow-image-default-8b5b6f678277-26732\"\n\t\t\t\n\t\t>\n\n<div class=\"sow-image-container\">\n\t\t<img loading=\"lazy\" decoding=\"async\" src=\"https:\/\/www.bladeproduction.com\/wp-content\/uploads\/2021\/06\/Official-Selection-Laurel.png\" width=\"200\" height=\"126\" sizes=\"(max-width: 200px) 100vw, 200px\" alt=\"\" \t\tclass=\"so-widget-image\"\/>\n\t<\/div>\n\n<\/div><\/div><\/div><div id=\"pgc-26732-4-4\"  class=\"panel-grid-cell\" ><div id=\"panel-26732-4-4-0\" class=\"so-panel widget widget_sow-image panel-first-child panel-last-child\" data-index=\"10\" ><div\n\t\t\t\n\t\t\tclass=\"so-widget-sow-image so-widget-sow-image-default-8b5b6f678277-26732\"\n\t\t\t\n\t\t>\n\n<div class=\"sow-image-container\">\n\t\t<img loading=\"lazy\" decoding=\"async\" src=\"https:\/\/www.bladeproduction.com\/wp-content\/uploads\/2021\/06\/BEST-NARRATIVE-FEATURE-FILM-FINDECOIN-Independent-International-Short-Film-Festival-The-day-is-short-2021.png\" width=\"200\" height=\"133\" sizes=\"(max-width: 200px) 100vw, 200px\" title=\"BEST-NARRATIVE-FEATURE-FILM&#8212;FINDECOIN&#8211;Independent&#8211;International-Short-Film-Festival-The-day-is-short&#8212;2021\" alt=\"\" \t\tclass=\"so-widget-image\"\/>\n\t<\/div>\n\n<\/div><\/div><\/div><div id=\"pgc-26732-4-5\"  class=\"panel-grid-cell\" ><div id=\"panel-26732-4-5-0\" class=\"so-panel widget widget_sow-image panel-first-child panel-last-child\" data-index=\"11\" ><div\n\t\t\t\n\t\t\tclass=\"so-widget-sow-image so-widget-sow-image-default-8b5b6f678277-26732\"\n\t\t\t\n\t\t>\n\n<div class=\"sow-image-container\">\n\t\t<img loading=\"lazy\" decoding=\"async\" src=\"https:\/\/www.bladeproduction.com\/wp-content\/uploads\/2021\/06\/OFFICIAL-SELECTION-Anatolia-International-Film-Festival-2020.png\" width=\"200\" height=\"133\" sizes=\"(max-width: 200px) 100vw, 200px\" title=\"OFFICIAL-SELECTION&#8212;Anatolia-International-Film-Festival&#8212;2020\" alt=\"\" \t\tclass=\"so-widget-image\"\/>\n\t<\/div>\n\n<\/div><\/div><\/div><div id=\"pgc-26732-4-6\"  class=\"panel-grid-cell\" ><div id=\"panel-26732-4-6-0\" class=\"so-panel widget widget_sow-image panel-first-child panel-last-child\" data-index=\"12\" ><div\n\t\t\t\n\t\t\tclass=\"so-widget-sow-image so-widget-sow-image-default-8b5b6f678277-26732\"\n\t\t\t\n\t\t>\n\n<div class=\"sow-image-container\">\n\t\t<img loading=\"lazy\" decoding=\"async\" src=\"https:\/\/www.bladeproduction.com\/wp-content\/uploads\/2021\/06\/BEST-POSTER-DESIGN-Anatolia-International-Film-Festival-2021.png\" width=\"200\" height=\"133\" sizes=\"(max-width: 200px) 100vw, 200px\" title=\"BEST-POSTER-DESIGN&#8212;Anatolia-International-Film-Festival&#8212;2021\" alt=\"\" \t\tclass=\"so-widget-image\"\/>\n\t<\/div>\n\n<\/div><\/div><\/div><div id=\"pgc-26732-4-7\"  class=\"panel-grid-cell\" ><div id=\"panel-26732-4-7-0\" class=\"so-panel widget widget_sow-image panel-first-child panel-last-child\" data-index=\"13\" ><div\n\t\t\t\n\t\t\tclass=\"so-widget-sow-image so-widget-sow-image-default-8b5b6f678277-26732\"\n\t\t\t\n\t\t>\n\n<div class=\"sow-image-container\">\n\t\t<img loading=\"lazy\" decoding=\"async\" src=\"https:\/\/www.bladeproduction.com\/wp-content\/uploads\/2021\/06\/3-calisma-yuzeyi-1-1.png\" width=\"200\" height=\"141\" sizes=\"(max-width: 200px) 100vw, 200px\" title=\"3-calisma-yuzeyi-1-(1)\" alt=\"\" \t\tclass=\"so-widget-image\"\/>\n\t<\/div>\n\n<\/div><\/div><\/div><\/div><div id=\"pg-26732-5\"  class=\"panel-grid panel-no-style\" ><div id=\"pgc-26732-5-0\"  class=\"panel-grid-cell\" ><div id=\"panel-26732-5-0-0\" class=\"so-panel widget widget_sow-image panel-first-child panel-last-child\" data-index=\"14\" ><div\n\t\t\t\n\t\t\tclass=\"so-widget-sow-image so-widget-sow-image-default-8b5b6f678277-26732\"\n\t\t\t\n\t\t>\n\n<div class=\"sow-image-container\">\n\t\t<img loading=\"lazy\" decoding=\"async\" src=\"https:\/\/www.bladeproduction.com\/wp-content\/uploads\/2021\/06\/OFFICIAL-SELECTION-IconicImagesFilmFestival-2021.png\" width=\"200\" height=\"133\" sizes=\"(max-width: 200px) 100vw, 200px\" alt=\"\" \t\tclass=\"so-widget-image\"\/>\n\t<\/div>\n\n<\/div><\/div><\/div><div id=\"pgc-26732-5-1\"  class=\"panel-grid-cell\" ><div id=\"panel-26732-5-1-0\" class=\"so-panel widget widget_sow-image panel-first-child panel-last-child\" data-index=\"15\" ><div\n\t\t\t\n\t\t\tclass=\"so-widget-sow-image so-widget-sow-image-default-8b5b6f678277-26732\"\n\t\t\t\n\t\t>\n\n<div class=\"sow-image-container\">\n\t\t<img loading=\"lazy\" decoding=\"async\" src=\"https:\/\/www.bladeproduction.com\/wp-content\/uploads\/2021\/05\/Off_Sel_Madriff_2020-AAA.png\" width=\"200\" height=\"133\" sizes=\"(max-width: 200px) 100vw, 200px\" title=\"Off_Sel_Madriff_2020 (AAA)\" alt=\"\" \t\tclass=\"so-widget-image\"\/>\n\t<\/div>\n\n<\/div><\/div><\/div><div id=\"pgc-26732-5-2\"  class=\"panel-grid-cell\" ><div id=\"panel-26732-5-2-0\" class=\"so-panel widget widget_sow-image panel-first-child panel-last-child\" data-index=\"16\" ><div\n\t\t\t\n\t\t\tclass=\"so-widget-sow-image so-widget-sow-image-default-8b5b6f678277-26732\"\n\t\t\t\n\t\t>\n\n<div class=\"sow-image-container\">\n\t\t<img loading=\"lazy\" decoding=\"async\" src=\"https:\/\/www.bladeproduction.com\/wp-content\/uploads\/2020\/11\/BG_fest_20.png\" width=\"200\" height=\"118\" sizes=\"(max-width: 200px) 100vw, 200px\" alt=\"\" \t\tclass=\"so-widget-image\"\/>\n\t<\/div>\n\n<\/div><\/div><\/div><div id=\"pgc-26732-5-3\"  class=\"panel-grid-cell\" ><div id=\"panel-26732-5-3-0\" class=\"so-panel widget widget_sow-image panel-first-child panel-last-child\" data-index=\"17\" ><div\n\t\t\t\n\t\t\tclass=\"so-widget-sow-image so-widget-sow-image-default-8b5b6f678277-26732\"\n\t\t\t\n\t\t>\n\n<div class=\"sow-image-container\">\n\t\t<img loading=\"lazy\" decoding=\"async\" src=\"https:\/\/www.bladeproduction.com\/wp-content\/uploads\/2020\/11\/ficabc2020-laurel-jpg.png\" width=\"200\" height=\"178\" sizes=\"(max-width: 200px) 100vw, 200px\" alt=\"\" \t\tclass=\"so-widget-image\"\/>\n\t<\/div>\n\n<\/div><\/div><\/div><div id=\"pgc-26732-5-4\"  class=\"panel-grid-cell\" ><div id=\"panel-26732-5-4-0\" class=\"so-panel widget widget_sow-image panel-first-child panel-last-child\" data-index=\"18\" ><div\n\t\t\t\n\t\t\tclass=\"so-widget-sow-image so-widget-sow-image-default-8b5b6f678277-26732\"\n\t\t\t\n\t\t>\n\n<div class=\"sow-image-container\">\n\t\t<img loading=\"lazy\" decoding=\"async\" src=\"https:\/\/www.bladeproduction.com\/wp-content\/uploads\/2020\/11\/pff20.png\" width=\"158\" height=\"150\" sizes=\"(max-width: 158px) 100vw, 158px\" alt=\"\" \t\tclass=\"so-widget-image\"\/>\n\t<\/div>\n\n<\/div><\/div><\/div><div id=\"pgc-26732-5-5\"  class=\"panel-grid-cell\" ><div id=\"panel-26732-5-5-0\" class=\"so-panel widget widget_sow-image panel-first-child panel-last-child\" data-index=\"19\" ><div\n\t\t\t\n\t\t\tclass=\"so-widget-sow-image so-widget-sow-image-default-8b5b6f678277-26732\"\n\t\t\t\n\t\t>\n\n<div class=\"sow-image-container\">\n\t\t<img loading=\"lazy\" decoding=\"async\" src=\"https:\/\/www.bladeproduction.com\/wp-content\/uploads\/2021\/09\/36-special-mention-www.png\" width=\"400\" height=\"212\" srcset=\"https:\/\/www.bladeproduction.com\/wp-content\/uploads\/2021\/09\/36-special-mention-www.png 400w, https:\/\/www.bladeproduction.com\/wp-content\/uploads\/2021\/09\/36-special-mention-www-300x159.png 300w\" sizes=\"(max-width: 400px) 100vw, 400px\" alt=\"\" \t\tclass=\"so-widget-image\"\/>\n\t<\/div>\n\n<\/div><\/div><\/div><div id=\"pgc-26732-5-6\"  class=\"panel-grid-cell panel-grid-cell-empty panel-grid-cell-mobile-last\" ><\/div><div id=\"pgc-26732-5-7\"  class=\"panel-grid-cell panel-grid-cell-empty\" ><\/div><\/div><div id=\"pg-26732-6\"  class=\"panel-grid panel-no-style\" ><div id=\"pgc-26732-6-0\"  class=\"panel-grid-cell panel-grid-cell-empty panel-grid-cell-mobile-last\" ><\/div><div id=\"pgc-26732-6-1\"  class=\"panel-grid-cell panel-grid-cell-empty\" ><\/div><\/div><\/div>","protected":false},"excerpt":{"rendered":"<p>Feature Film 2019, 100 min SYNOPSIS A corrupt mayor of idyllic Slovenian town Rovte is connecting with local criminal to put out of race his opponent in the upcoming elections. A story about losing morality, where only criminals are having a moral code &#8230; Facebook page IMDB CREDITS Written &amp; Directed by: Andrej Ko\u0161ak Cinematography: [&hellip;]<\/p>","protected":false},"author":1,"featured_media":0,"parent":0,"menu_order":0,"comment_status":"closed","ping_status":"closed","template":"","meta":{"inline_featured_image":false,"footnotes":""},"_links":{"self":[{"href":"https:\/\/www.bladeproduction.com\/sl\/wp-json\/wp\/v2\/pages\/26732"}],"collection":[{"href":"https:\/\/www.bladeproduction.com\/sl\/wp-json\/wp\/v2\/pages"}],"about":[{"href":"https:\/\/www.bladeproduction.com\/sl\/wp-json\/wp\/v2\/types\/page"}],"author":[{"embeddable":true,"href":"https:\/\/www.bladeproduction.com\/sl\/wp-json\/wp\/v2\/users\/1"}],"replies":[{"embeddable":true,"href":"https:\/\/www.bladeproduction.com\/sl\/wp-json\/wp\/v2\/comments?post=26732"}],"version-history":[{"count":86,"href":"https:\/\/www.bladeproduction.com\/sl\/wp-json\/wp\/v2\/pages\/26732\/revisions"}],"predecessor-version":[{"id":27666,"href":"https:\/\/www.bladeproduction.com\/sl\/wp-json\/wp\/v2\/pages\/26732\/revisions\/27666"}],"wp:attachment":[{"href":"https:\/\/www.bladeproduction.com\/sl\/wp-json\/wp\/v2\/media?parent=26732"}],"curies":[{"name":"wp","href":"https:\/\/api.w.org\/{rel}","templated":true}]}}